{"id":384,"date":"2023-03-08T12:42:47","date_gmt":"2023-03-08T12:42:47","guid":{"rendered":"https:\/\/status.infra-struktur.de\/?page_id=384"},"modified":"2026-03-26T14:09:28","modified_gmt":"2026-03-26T14:09:28","slug":"status","status":"publish","type":"page","link":"https:\/\/status.infra-struktur.de\/","title":{"rendered":"Status"},"content":{"rendered":"<p>[et_pb_section fb_built=&#8220;1&#8243; _builder_version=&#8220;4.12.1&#8243; _module_preset=&#8220;default&#8220; custom_padding=&#8220;||9px|||&#8220; global_colors_info=&#8220;{}&#8220;][et_pb_row column_structure=&#8220;1_3,2_3&#8243; _builder_version=&#8220;4.12.1&#8243; _module_preset=&#8220;default&#8220; global_colors_info=&#8220;{}&#8220;][et_pb_column type=&#8220;1_3&#8243; _builder_version=&#8220;4.12.1&#8243; _module_preset=&#8220;default&#8220; global_colors_info=&#8220;{}&#8220;][et_pb_image src=&#8220;https:\/\/status.infra-struktur.de\/wp-content\/uploads\/2023\/03\/Bild_CloudServer.png&#8220; alt=&#8220;Systemstatus&#8220; title_text=&#8220;Bild_CloudServer&#8220; _builder_version=&#8220;4.12.1&#8243; _module_preset=&#8220;default&#8220; global_colors_info=&#8220;{}&#8220;][\/et_pb_image][\/et_pb_column][et_pb_column type=&#8220;2_3&#8243; _builder_version=&#8220;4.12.1&#8243; _module_preset=&#8220;default&#8220; global_colors_info=&#8220;{}&#8220;][et_pb_text _builder_version=&#8220;4.12.1&#8243; _module_preset=&#8220;default&#8220; header_font_size=&#8220;38px&#8220; header_line_height=&#8220;1.4em&#8220; header_font_size_tablet=&#8220;40px&#8220; header_font_size_phone=&#8220;26px&#8220; header_font_size_last_edited=&#8220;on|phone&#8220; global_colors_info=&#8220;{}&#8220;]<\/p>\n<h1><strong>Serverstatus der NETZkultur Cloud<\/strong><\/h1>\n<p>[\/et_pb_text][et_pb_text _builder_version=&#8220;4.12.1&#8243; _module_preset=&#8220;default&#8220; global_colors_info=&#8220;{}&#8220;]<\/p>\n<p><strong>Informationen aus erster Hand<\/strong><\/p>\n<p>Hier erhalten Sie alle Informationen und Meldungen bei Systemausf\u00e4llen, St\u00f6rungen oder Problemen. Unser Serverstatus wird permanent gepr\u00fcft und f\u00fcr Sie hier immer aktuell gemeldet.<\/p>\n<p>Sie haben dadurch die M\u00f6glichkeit, sich jederzeit selbst zu informieren und schnell zu pr\u00fcfen, ob eine bekannte St\u00f6rung vorliegt.<\/p>\n<p>[\/et_pb_text][\/et_pb_column][\/et_pb_row][\/et_pb_section][et_pb_section fb_built=&#8220;1&#8243; prev_background_color=&#8220;#ffffff&#8220; next_background_color=&#8220;#ffffff&#8220; _builder_version=&#8220;4.12.1&#8243; _module_preset=&#8220;default&#8220; background_color=&#8220;#e8e8e8&#8243; top_divider_style=&#8220;arrow&#8220; top_divider_height=&#8220;50px&#8220; bottom_divider_style=&#8220;arrow&#8220; bottom_divider_height=&#8220;50px&#8220; bottom_divider_flip=&#8220;vertical&#8220; global_colors_info=&#8220;{}&#8220;][et_pb_row _builder_version=&#8220;4.12.1&#8243; _module_preset=&#8220;default&#8220; background_enable_color=&#8220;off&#8220; global_colors_info=&#8220;{}&#8220;][et_pb_column type=&#8220;4_4&#8243; _builder_version=&#8220;4.12.1&#8243; _module_preset=&#8220;default&#8220; global_colors_info=&#8220;{}&#8220;][et_pb_blurb title=&#8220;Aktuelle Meldung&#8220; use_icon=&#8220;on&#8220; font_icon=&#8220;%%79%%&#8220; icon_color=&#8220;#4cc922&#8243; content_max_width=&#8220;800px&#8220; use_icon_font_size=&#8220;on&#8220; icon_font_size=&#8220;78px&#8220; disabled_on=&#8220;off|off|off&#8220; _builder_version=&#8220;4.12.1&#8243; _module_preset=&#8220;default&#8220; header_level=&#8220;h2&#8243; header_font=&#8220;|700|||||||&#8220; header_text_color=&#8220;#0d963d&#8220; header_font_size=&#8220;40px&#8220; body_text_color=&#8220;#000000&#8243; body_font_size=&#8220;18px&#8220; text_orientation=&#8220;center&#8220; background_layout=&#8220;dark&#8220; custom_margin=&#8220;||30px||false|false&#8220; custom_padding=&#8220;||0px|||&#8220; hover_enabled=&#8220;0&#8243; global_colors_info=&#8220;{}&#8220; sticky_enabled=&#8220;0&#8243;]<\/p>\n<p><span style=\"color: #339966;\">Alle Systeme sind betriebsbereit.<\/span><\/p>\n<p>[\/et_pb_blurb][\/et_pb_column][\/et_pb_row][\/et_pb_section][et_pb_section fb_built=&#8220;1&#8243; _builder_version=&#8220;4.12.1&#8243; _module_preset=&#8220;default&#8220; global_colors_info=&#8220;{}&#8220;][et_pb_row column_structure=&#8220;1_4,3_4&#8243; _builder_version=&#8220;4.12.1&#8243; _module_preset=&#8220;default&#8220; custom_padding=&#8220;||50px|||&#8220; border_width_bottom=&#8220;2px&#8220; border_color_bottom=&#8220;#c1c1c1&#8243; global_colors_info=&#8220;{}&#8220;][et_pb_column type=&#8220;1_4&#8243; _builder_version=&#8220;4.12.1&#8243; _module_preset=&#8220;default&#8220; global_colors_info=&#8220;{}&#8220;][et_pb_text _builder_version=&#8220;4.12.1&#8243; _module_preset=&#8220;default&#8220; global_colors_info=&#8220;{}&#8220;]<\/p>\n<p>25.11.2022<\/p>\n<p>[\/et_pb_text][\/et_pb_column][et_pb_column type=&#8220;3_4&#8243; _builder_version=&#8220;4.12.1&#8243; _module_preset=&#8220;default&#8220; global_colors_info=&#8220;{}&#8220;][et_pb_text _builder_version=&#8220;4.12.1&#8243; _module_preset=&#8220;default&#8220; global_colors_info=&#8220;{}&#8220;]<\/p>\n<h2><strong>Firefox St\u00f6rung f\u00fchrt zu ung\u00fcltiger Sitzung<br \/><\/strong><\/h2>\n<p>&nbsp;<\/p>\n<p>Es gibt vereinzelnde Meldungen da\u00df man beim Firefox an einigen Stellen die Fehlermeldung &#8222;Ihre Sitzung ist abgelaufen&#8220; oder \u00e4hnlich bekommt.<\/p>\n<p>Das kann man beheben durch das gezielte l\u00f6schen der Webseitendaten.<\/p>\n<p>Dazu einfach oben rechts neben der Adresszeile auf das Schloss-Symbol klicken.<\/p>\n<p>Dort dann auf &#8222;Cookies und Website Daten l\u00f6schen&#8220; klicken und best\u00e4tigen.<\/p>\n<p>&nbsp;<\/p>\n<p>&nbsp;<\/p>\n<p>[\/et_pb_text][et_pb_image src=&#8220;https:\/\/status.infra-struktur.de\/wp-content\/uploads\/2024\/12\/Bildschirmfoto-2024-12-18-um-10.53.36.png&#8220; _builder_version=&#8220;4.12.1&#8243; _module_preset=&#8220;default&#8220; global_colors_info=&#8220;{}&#8220;][\/et_pb_image][et_pb_image src=&#8220;https:\/\/status.infra-struktur.de\/wp-content\/uploads\/2024\/12\/Bildschirmfoto-2024-12-18-um-10.58.45.png&#8220; title_text=&#8220;Bildschirmfoto 2024-12-18 um 10.58.45&#8243; _builder_version=&#8220;4.12.1&#8243; _module_preset=&#8220;default&#8220; width=&#8220;70%&#8220; global_colors_info=&#8220;{}&#8220;][\/et_pb_image][\/et_pb_column][\/et_pb_row][\/et_pb_section][et_pb_section fb_built=&#8220;1&#8243; _builder_version=&#8220;4.12.1&#8243; _module_preset=&#8220;default&#8220; global_colors_info=&#8220;{}&#8220;][et_pb_row column_structure=&#8220;1_4,3_4&#8243; _builder_version=&#8220;4.12.1&#8243; _module_preset=&#8220;default&#8220; custom_padding=&#8220;||50px|||&#8220; border_width_bottom=&#8220;2px&#8220; border_color_bottom=&#8220;#c1c1c1&#8243; global_colors_info=&#8220;{}&#8220;][et_pb_column type=&#8220;1_4&#8243; _builder_version=&#8220;4.12.1&#8243; _module_preset=&#8220;default&#8220; global_colors_info=&#8220;{}&#8220;][et_pb_text _builder_version=&#8220;4.12.1&#8243; _module_preset=&#8220;default&#8220; global_colors_info=&#8220;{}&#8220;]<\/p>\n<p>03.02.2022<\/p>\n<p>[\/et_pb_text][\/et_pb_column][et_pb_column type=&#8220;3_4&#8243; _builder_version=&#8220;4.12.1&#8243; _module_preset=&#8220;default&#8220; global_colors_info=&#8220;{}&#8220;][et_pb_text _builder_version=&#8220;4.12.1&#8243; _module_preset=&#8220;default&#8220; global_colors_info=&#8220;{}&#8220;]<\/p>\n<h2><strong>infraMailer unter Windows 11 installieren<\/strong><strong><\/strong><\/h2>\n<p>&nbsp;<\/p>\n<p>Wenn Sie Windows 11 nutzen, dann wird Ihre vorherige Version des infraMailer erst mal nicht funktionieren.<\/p>\n<p>Folgen Sie diesen Schritten, um die f\u00fcr Windows 11 angepasste Version zu installieren.<\/p>\n<p>1. Beenden Sie den infraMailer in der Taskleiste mit Rechtsklick -&gt; beenden<\/p>\n<p>2. Deinstallieren Sie, indem Sie im Startmen\u00fc nach \u201eentfernen\u201c suchen und den Men\u00fcpunkt \u201eProgramme hinzuf\u00fcgen oder entfernen\u201c ausw\u00e4hlen. Da suchen Sie nach \u201eNETZkultur\u201c und finden den NETZkultur infraMailer. W\u00e4hlen Sie \u201eDeinstallieren\u201c aus und folgen Sie den Anweisungen.<\/p>\n<p>3. Laden Sie die Version f\u00fcr Windows 11 vom infraMailer hier herunter:<\/p>\n<p><a href=\"https:\/\/info.infra-struktur.de\/unterlagen\/infraMailerSetup_win11.exe\">https:\/\/info.infra-struktur.de\/unterlagen\/infraMailerSetup_win11.exe<\/a><\/p>\n<p>4. F\u00fchren Sie die Installationsdatei aus und folgen Sie den Anweisungen.<\/p>\n<p>5. Nach erfolgreicher Installation \u00f6ffnen Sie den infraMailer per Doppelklick aus der Taskleiste. Geben Sie die URL Ihrer infra-struktur ein (z.B. <a href=\"https:\/\/mustermann.infra-struktur.eu\/\">https:\/\/mustermann.infra-struktur.eu<\/a> ), Ihren infra-struktur Benutzernamen und Ihr Kennwort. Beim Speichern mit korrekten Daten schlie\u00dft sich das Fenster und der infraMailer ist wieder bereit.<\/p>\n<p>[\/et_pb_text][\/et_pb_column][\/et_pb_row][\/et_pb_section][et_pb_section fb_built=&#8220;1&#8243; _builder_version=&#8220;4.12.1&#8243; _module_preset=&#8220;default&#8220; global_colors_info=&#8220;{}&#8220;][et_pb_row column_structure=&#8220;1_4,3_4&#8243; _builder_version=&#8220;4.12.1&#8243; _module_preset=&#8220;default&#8220; custom_padding=&#8220;||50px|||&#8220; border_width_bottom=&#8220;2px&#8220; border_color_bottom=&#8220;#c1c1c1&#8243; global_colors_info=&#8220;{}&#8220;][et_pb_column type=&#8220;1_4&#8243; _builder_version=&#8220;4.12.1&#8243; _module_preset=&#8220;default&#8220; global_colors_info=&#8220;{}&#8220;][et_pb_text _builder_version=&#8220;4.12.1&#8243; _module_preset=&#8220;default&#8220; global_colors_info=&#8220;{}&#8220;]<\/p>\n<p>24.08.2020<\/p>\n<p>[\/et_pb_text][\/et_pb_column][et_pb_column type=&#8220;3_4&#8243; _builder_version=&#8220;4.12.1&#8243; _module_preset=&#8220;default&#8220; global_colors_info=&#8220;{}&#8220;][et_pb_text _builder_version=&#8220;4.12.1&#8243; _module_preset=&#8220;default&#8220; global_colors_info=&#8220;{}&#8220;]<\/p>\n<h2><strong>Probleme mit G Data Webschutz<\/strong><strong><\/strong><\/h2>\n<p>&nbsp;<\/p>\n<p><span style=\"color: #99cc00;\"><em>Update: G Data hat uns informiert dass der Fehler behoben wurde.<\/em><\/span><\/p>\n<p>G Data erkennt derzeit die infra-struktur Login-Seite als Gef\u00e4hrdung. Das ist eine falsche Erkennung und wir haben dies auch bereits bei G Data eingereicht.<\/p>\n<p>Um hier direkt weiterarbeiten zu k\u00f6nnen, gehen Sie bitte in die <strong>Einstellungen<\/strong>. Deaktivieren Sie da den Webschutz oder setzen Sie in den Einstellungen eine Ausnahme f\u00fcr Ihre infra-struktur Adresse.<\/p>\n<p>Dann geht es direkt wieder.<\/p>\n<p><strong>Sollte Ihr G Data zentral konfiguriert sein, informieren Sie bitte Ihren Administrator, um hier eine netzwerkweite Ausnahme einzurichten.<\/strong><\/p>\n<p>[\/et_pb_text][et_pb_image src=&#8220;https:\/\/status.infra-struktur.de\/wp-content\/uploads\/2020\/09\/image.png&#8220; title_text=&#8220;image&#8220; _builder_version=&#8220;4.12.1&#8243; _module_preset=&#8220;default&#8220; global_colors_info=&#8220;{}&#8220;][\/et_pb_image][\/et_pb_column][\/et_pb_row][\/et_pb_section][et_pb_section fb_built=&#8220;1&#8243; _builder_version=&#8220;4.12.1&#8243; _module_preset=&#8220;default&#8220; global_colors_info=&#8220;{}&#8220;][et_pb_row column_structure=&#8220;1_4,3_4&#8243; _builder_version=&#8220;4.12.1&#8243; _module_preset=&#8220;default&#8220; custom_padding=&#8220;||50px|||&#8220; border_width_bottom=&#8220;2px&#8220; border_color_bottom=&#8220;#c1c1c1&#8243; global_colors_info=&#8220;{}&#8220;][et_pb_column type=&#8220;1_4&#8243; _builder_version=&#8220;4.12.1&#8243; _module_preset=&#8220;default&#8220; global_colors_info=&#8220;{}&#8220;][et_pb_text _builder_version=&#8220;4.12.1&#8243; _module_preset=&#8220;default&#8220; global_colors_info=&#8220;{}&#8220;]<\/p>\n<p>03.02.2022<\/p>\n<p>[\/et_pb_text][\/et_pb_column][et_pb_column type=&#8220;3_4&#8243; _builder_version=&#8220;4.12.1&#8243; _module_preset=&#8220;default&#8220; global_colors_info=&#8220;{}&#8220;][et_pb_text _builder_version=&#8220;4.12.1&#8243; _module_preset=&#8220;default&#8220; global_colors_info=&#8220;{}&#8220;]<\/p>\n<h2><strong>Login Probleme mit Kaspersky Internet Security<\/strong><strong><\/strong><\/h2>\n<p>&nbsp;<\/p>\n<p>Kaspersky hat eine Einstellung ausgerollt\/ge\u00e4ndert, welche die infra-struktur Codes ver\u00e4ndert von einer Kaspersky Seite ausliefert.\u00a0Dadurch ist ein Login in die infra-struktur nicht mehr m\u00f6glich.<\/p>\n<p>Um sich anzumelden muss die Funktion \u201eVerarbeitung des Datenverkehrs\u201c deaktiviert werden.<\/p>\n<p>\u00d6ffnen Sie daf\u00fcr Kaspersky aus der Taskleiste und gehen Sie zu den Einstellungen. Dort naviegieren Sie zu \u201eErweitert\u201c und dann zu \u201eNetzwerkeinstellungen\u201c.<\/p>\n<p><em>Unten finden Sie 3 Screenshots die beschreiben was sie tun m\u00fcssen.<\/em><\/p>\n<p>Danach k\u00f6nnen Sie sich wieder anmelden.<em><\/em><\/p>\n<p>&nbsp;<\/p>\n<p>[\/et_pb_text][et_pb_image src=&#8220;https:\/\/status.infra-struktur.de\/wp-content\/uploads\/2020\/09\/kaserpsky1.jpg&#8220; title_text=&#8220;kaserpsky1&#8243; _builder_version=&#8220;4.12.1&#8243; _module_preset=&#8220;default&#8220; global_colors_info=&#8220;{}&#8220;][\/et_pb_image][\/et_pb_column][\/et_pb_row][\/et_pb_section][et_pb_section fb_built=&#8220;1&#8243; _builder_version=&#8220;4.12.1&#8243; _module_preset=&#8220;default&#8220; global_colors_info=&#8220;{}&#8220;][et_pb_row _builder_version=&#8220;4.12.1&#8243; _module_preset=&#8220;default&#8220; global_colors_info=&#8220;{}&#8220;][et_pb_column type=&#8220;4_4&#8243; _builder_version=&#8220;4.12.1&#8243; _module_preset=&#8220;default&#8220; global_colors_info=&#8220;{}&#8220;][\/et_pb_column][\/et_pb_row][\/et_pb_section]<\/p>\n","protected":false},"excerpt":{"rendered":"<p>Serverstatus der NETZkultur CloudInformationen aus erster Hand Hier erhalten Sie alle Informationen und Meldungen bei Systemausf\u00e4llen, St\u00f6rungen oder Problemen. Unser Serverstatus wird permanent gepr\u00fcft und f\u00fcr Sie hier immer aktuell gemeldet. Sie haben dadurch die M\u00f6glichkeit, sich jederzeit selbst zu informieren und schnell zu pr\u00fcfen, ob eine bekannte St\u00f6rung vorliegt.Alle Systeme sind betriebsbereit.25.11.2022Firefox St\u00f6rung f\u00fchrt [&hellip;]<\/p>\n","protected":false},"author":1,"featured_media":0,"parent":0,"menu_order":0,"comment_status":"closed","ping_status":"closed","template":"","meta":{"_et_pb_use_builder":"on","_et_pb_old_content":"","_et_gb_content_width":""},"_links":{"self":[{"href":"https:\/\/status.infra-struktur.de\/index.php?rest_route=\/wp\/v2\/pages\/384"}],"collection":[{"href":"https:\/\/status.infra-struktur.de\/index.php?rest_route=\/wp\/v2\/pages"}],"about":[{"href":"https:\/\/status.infra-struktur.de\/index.php?rest_route=\/wp\/v2\/types\/page"}],"author":[{"embeddable":true,"href":"https:\/\/status.infra-struktur.de\/index.php?rest_route=\/wp\/v2\/users\/1"}],"replies":[{"embeddable":true,"href":"https:\/\/status.infra-struktur.de\/index.php?rest_route=%2Fwp%2Fv2%2Fcomments&post=384"}],"version-history":[{"count":117,"href":"https:\/\/status.infra-struktur.de\/index.php?rest_route=\/wp\/v2\/pages\/384\/revisions"}],"predecessor-version":[{"id":634,"href":"https:\/\/status.infra-struktur.de\/index.php?rest_route=\/wp\/v2\/pages\/384\/revisions\/634"}],"wp:attachment":[{"href":"https:\/\/status.infra-struktur.de\/index.php?rest_route=%2Fwp%2Fv2%2Fmedia&parent=384"}],"curies":[{"name":"wp","href":"https:\/\/api.w.org\/{rel}","templated":true}]}}