{"id":43,"date":"2020-09-09T09:16:38","date_gmt":"2020-09-09T09:16:38","guid":{"rendered":"https:\/\/status.infra-struktur.de\/?page_id=43"},"modified":"2021-01-07T10:08:30","modified_gmt":"2021-01-07T10:08:30","slug":"datenschutzerklaerung","status":"publish","type":"page","link":"https:\/\/status.infra-struktur.de\/?page_id=43","title":{"rendered":"Datenschutz"},"content":{"rendered":"<p>[et_pb_section fb_built=&#8220;1&#8243; fullwidth=&#8220;on&#8220; _builder_version=&#8220;4.6.1&#8243; _module_preset=&#8220;default&#8220; background_color=&#8220;#ffffff&#8220;][et_pb_fullwidth_header title=&#8220;Datenschutzerkl\u00e4rung&#8220; _builder_version=&#8220;4.6.1&#8243; _module_preset=&#8220;default&#8220; title_font=&#8220;|700||on|||||&#8220; title_text_align=&#8220;center&#8220; title_text_color=&#8220;#004994&#8243; background_color=&#8220;#ffffff&#8220; custom_padding=&#8220;||4px|||&#8220;][\/et_pb_fullwidth_header][\/et_pb_section][et_pb_section fb_built=&#8220;1&#8243; _builder_version=&#8220;4.6.1&#8243; _module_preset=&#8220;default&#8220; custom_padding=&#8220;2px|||||&#8220;][et_pb_row _builder_version=&#8220;4.6.1&#8243; _module_preset=&#8220;default&#8220; custom_padding=&#8220;27px|||||&#8220;][et_pb_column type=&#8220;4_4&#8243; _builder_version=&#8220;4.6.1&#8243; _module_preset=&#8220;default&#8220;][et_pb_text _builder_version=&#8220;4.6.1&#8243; _module_preset=&#8220;default&#8220; hover_enabled=&#8220;0&#8243; sticky_enabled=&#8220;0&#8243;]<\/p>\n<p style=\"text-align: justify;\">Wir, die NETZkultur Informationssysteme GmbH, die NETZkultur AG und die NETZkultur Systemhaus GmbH, nehmen den Schutz Ihrer pers\u00f6nlichen Daten sehr ernst. Wir behandeln Ihre personenbezogenen Daten vertraulich und entsprechend der gesetzlichen Datenschutzvorschriften sowie dieser Datenschutzerkl\u00e4rung.<\/p>\n<p>Die Nutzung unserer Webseite ist in der Regel ohne Angabe personenbezogener Daten m\u00f6glich. Soweit auf unseren Seiten personenbezogene Daten (beispielsweise Name, Anschrift oder E-Mail-Adressen) erhoben werden, erfolgt dies, soweit m\u00f6glich, stets auf freiwilliger Basis. Diese Daten werden ohne Ihre ausdr\u00fcckliche Zustimmung nicht an Dritte weitergegeben.<\/p>\n<p>Wir weisen darauf hin, dass die Daten\u00fcbertragung im Internet (z. B. bei der Kommunikation per E-Mail) Sicherheitsl\u00fccken aufweisen kann. Ein l\u00fcckenloser Schutz der Daten vor dem Zugriff durch Dritte ist nicht m\u00f6glich.<\/p>\n<p><span style=\"font-weight: 600;\"> Cookies<\/span><br \/> Die Internetseiten verwenden teilweise so genannte Cookies. Cookies richten auf Ihrem Rechner keinen Schaden an und enthalten keine Viren. Cookies dienen dazu, unser Angebot nutzerfreundlicher, effektiver und sicherer zu machen. Cookies sind kleine Textdateien, die auf Ihrem Rechner abgelegt werden und die Ihr Browser speichert.<\/p>\n<p>Die meisten der von uns verwendeten Cookies sind so genannte \u201eSession-Cookies\u201c. Sie werden nach Ende Ihres Besuchs automatisch gel\u00f6scht. Andere Cookies bleiben auf Ihrem Endger\u00e4t gespeichert, bis Sie diese l\u00f6schen. Diese Cookies erm\u00f6glichen es uns, Ihren Browser beim n\u00e4chsten Besuch wiederzuerkennen.<\/p>\n<p>Sie k\u00f6nnen Ihren Browser so einstellen, dass Sie \u00fcber das Setzen von Cookies informiert werden und Cookies nur im Einzelfall erlauben, die Annahme von Cookies f\u00fcr bestimmte F\u00e4lle oder generell ausschlie\u00dfen sowie das automatische L\u00f6schen der Cookies beim Schlie\u00dfen des Browser aktivieren. Bei der Deaktivierung von Cookies kann die Funktionalit\u00e4t dieser Website eingeschr\u00e4nkt sein.<\/p>\n<p><span style=\"font-weight: 600;\"> Server-Log- Files<\/span><br \/> Der Provider der Seiten erhebt und speichert automatisch Informationen in so genannten Server-Log Files, die Ihr Browser automatisch an uns \u00fcbermittelt.<br \/> Dies sind:<\/p>\n<p>\u2013 Browsertyp und Browserversion<br \/> \u2013 verwendetes Betriebssystem<br \/> \u2013 Referrer URL<br \/> \u2013 Hostname des zugreifenden Rechners<br \/> \u2013 Uhrzeit der Serveranfrage<\/p>\n<p>Diese Daten sind nicht bestimmten Personen zuordenbar. Eine Zusammenf\u00fchrung dieser Daten mit anderen Datenquellen wird nicht vorgenommen. Wir behalten uns vor, diese Daten nachtr\u00e4glich zu pr\u00fcfen, wenn uns konkrete Anhaltspunkte f\u00fcr eine rechtswidrige Nutzung bekannt werden.<\/p>\n<p><span style=\"font-weight: 600;\"> Widerspruch Werbe-Mails<\/span><br \/> Der Nutzung von im Rahmen der Impressumspflicht ver\u00f6ffentlichten Kontaktdaten zur \u00dcbersendung von nicht ausdr\u00fccklich angeforderter Werbung und Informationsmaterialien wird hiermit widersprochen. Die Betreiber der Seiten behalten sich ausdr\u00fccklich rechtliche Schritte im Falle der unverlangten Zusendung von Werbeinformationen, etwa durch Spam-E-Mails, vor.<\/p>\n<p><span style=\"font-weight: 600;\">SSL- Verschl\u00fcsselung<\/span><br \/> Diese Seite nutzt aus Gr\u00fcnden der Sicherheit und zum Schutz der \u00dcbertragung vertraulicher Inhalte, wie zum Beispiel der Anfragen, die Sie an uns als Seitenbetreiber senden, eine SSL-Verschl\u00fcsselung. Eine verschl\u00fcsselte Verbindung erkennen Sie daran, dass die Adresszeile des Browsers von \u201ehttps:\/\/\u201c auf \u201ehttps:\/\/\u201c wechselt und an dem Schloss-Symbol in Ihrer Browserzeile.<br \/> Wenn die SSL Verschl\u00fcsselung aktiviert ist, k\u00f6nnen die Daten, die Sie an uns \u00fcbermitteln, nicht von Dritten mitgelesen werden.<\/p>\n<p><span style=\"font-weight: 600;\">Recht auf Auskunft, L\u00f6schung, Sperrung<\/span><br \/> Sie haben jederzeit das Recht auf unentgeltliche Auskunft \u00fcber Ihre gespeicherten personenbezogenen Daten, deren Herkunft und Empf\u00e4nger und den Zweck der Datenverarbeitung sowie ein Recht auf Berichtigung, Sperrung oder L\u00f6schung dieser Daten. Hierzu sowie zu weiteren Fragen zum Thema personenbezogene Daten k\u00f6nnen Sie sich jederzeit unter der im Impressum angegebenen Adresse an uns wenden.<\/p>\n<p><span style=\"font-weight: 600;\"> Datenschutzerkl\u00e4rung Google Maps<\/span><br \/> Diese Webseite verwendet das Produkt Google Maps von Google Inc. Durch Nutzung dieser Webseite erkl\u00e4ren Sie sich mit der Erfassung, Bearbeitung sowie Nutzung der automatisiert erhobenen Daten durch Google Inc, deren Vertreter sowie Dritter einverstanden. Die Nutzungsbedingungen von Google Maps finden sie unter <a href=\"https:\/\/www.google.com\/intl\/de_de\/help\/terms_maps\/\" target=\"_blank\" rel=\"noopener noreferrer\" data-cp-link=\"1\">Nutzungsbedingungen von Google Maps<\/a>.<\/p>\n<p>&nbsp;<\/p>\n<p><strong>Ansprechpartner bei Fragen zum Datenschutz<\/strong><br \/> Sollten Sie Fragen zum Datenschutz haben oder Ihre Rechte bez\u00fcglich der Datenverarbeitung aus\u00fcben wollen, wenden Sie sich bitte an unseren Datenschutzbeauftragten<\/p>\n<p><span><strong>pro Datenschutz GmbH<\/strong><br \/> Technologiepark 11<br \/> 33100 Paderborn<br \/> Tel.: 05251 414 935 0<br \/> Fax: 05251 414 935 1<\/span><br \/> <span>E-Mail: datenschutz@netzkultur.de <\/span><\/p>\n<p>[\/et_pb_text][\/et_pb_column][\/et_pb_row][\/et_pb_section]<\/p>\n","protected":false},"excerpt":{"rendered":"<p>Wir, die NETZkultur Informationssysteme GmbH, die NETZkultur AG und die NETZkultur Systemhaus GmbH, nehmen den Schutz Ihrer pers\u00f6nlichen Daten sehr ernst. Wir behandeln Ihre personenbezogenen Daten vertraulich und entsprechend der gesetzlichen Datenschutzvorschriften sowie dieser Datenschutzerkl\u00e4rung. Die Nutzung unserer Webseite ist in der Regel ohne Angabe personenbezogener Daten m\u00f6glich. Soweit auf unseren Seiten personenbezogene Daten (beispielsweise [&hellip;]<\/p>\n","protected":false},"author":1,"featured_media":0,"parent":0,"menu_order":0,"comment_status":"closed","ping_status":"closed","template":"","meta":{"_et_pb_use_builder":"on","_et_pb_old_content":"","_et_gb_content_width":""},"_links":{"self":[{"href":"https:\/\/status.infra-struktur.de\/index.php?rest_route=\/wp\/v2\/pages\/43"}],"collection":[{"href":"https:\/\/status.infra-struktur.de\/index.php?rest_route=\/wp\/v2\/pages"}],"about":[{"href":"https:\/\/status.infra-struktur.de\/index.php?rest_route=\/wp\/v2\/types\/page"}],"author":[{"embeddable":true,"href":"https:\/\/status.infra-struktur.de\/index.php?rest_route=\/wp\/v2\/users\/1"}],"replies":[{"embeddable":true,"href":"https:\/\/status.infra-struktur.de\/index.php?rest_route=%2Fwp%2Fv2%2Fcomments&post=43"}],"version-history":[{"count":6,"href":"https:\/\/status.infra-struktur.de\/index.php?rest_route=\/wp\/v2\/pages\/43\/revisions"}],"predecessor-version":[{"id":167,"href":"https:\/\/status.infra-struktur.de\/index.php?rest_route=\/wp\/v2\/pages\/43\/revisions\/167"}],"wp:attachment":[{"href":"https:\/\/status.infra-struktur.de\/index.php?rest_route=%2Fwp%2Fv2%2Fmedia&parent=43"}],"curies":[{"name":"wp","href":"https:\/\/api.w.org\/{rel}","templated":true}]}}