{"id":53,"date":"2020-09-09T09:23:26","date_gmt":"2020-09-09T09:23:26","guid":{"rendered":"https:\/\/status.infra-struktur.de\/?page_id=53"},"modified":"2024-12-12T13:46:22","modified_gmt":"2024-12-12T13:46:22","slug":"impressum","status":"publish","type":"page","link":"https:\/\/status.infra-struktur.de\/?page_id=53","title":{"rendered":"Impressum"},"content":{"rendered":"<p>[et_pb_section fb_built=&#8220;1&#8243; fullwidth=&#8220;on&#8220; _builder_version=&#8220;4.6.1&#8243; _module_preset=&#8220;default&#8220; background_color=&#8220;#ffffff&#8220; global_colors_info=&#8220;{}&#8220;][et_pb_fullwidth_header title=&#8220;Impressum&#8220; _builder_version=&#8220;4.6.1&#8243; _module_preset=&#8220;default&#8220; title_font=&#8220;|700||on|||||&#8220; title_text_align=&#8220;center&#8220; title_text_color=&#8220;#004994&#8243; background_color=&#8220;#ffffff&#8220; custom_padding=&#8220;||4px|||&#8220; global_colors_info=&#8220;{}&#8220;][\/et_pb_fullwidth_header][\/et_pb_section][et_pb_section fb_built=&#8220;1&#8243; _builder_version=&#8220;4.6.1&#8243; _module_preset=&#8220;default&#8220; custom_padding=&#8220;2px|||||&#8220; global_colors_info=&#8220;{}&#8220;][et_pb_row _builder_version=&#8220;4.6.1&#8243; _module_preset=&#8220;default&#8220; custom_padding=&#8220;27px|||||&#8220; global_colors_info=&#8220;{}&#8220;][et_pb_column type=&#8220;4_4&#8243; _builder_version=&#8220;4.6.1&#8243; _module_preset=&#8220;default&#8220; global_colors_info=&#8220;{}&#8220;][et_pb_text _builder_version=&#8220;4.12.1&#8243; _module_preset=&#8220;default&#8220; hover_enabled=&#8220;0&#8243; global_colors_info=&#8220;{}&#8220; sticky_enabled=&#8220;0&#8243;]<\/p>\n<p style=\"text-align: justify;\"><span style=\"font-weight: 600;\">NETZkultur Informationssysteme GmbH<\/span><br \/>Hansastra\u00dfe 23<br \/>59557 Lippstadt<br \/>Telefon: 0 29 41 \u2013 27 26 3-0<br \/>E-Mail: kontakt@netzkultur.de<\/p>\n<p>Gesch\u00e4ftsf\u00fchrer: Ino Holling<br \/>Handelsregister: HRB 6334, Handelsregister Paderborn<br \/>Umsatzsteuer-Identifikationsnummer gem\u00e4\u00df \u00a7 27a: Umsatzsteuergesetz: DE233203591<\/p>\n<p>&nbsp;<\/p>\n<p>NETZkultur AG<br \/>Hansastra\u00dfe 23<br \/>59557 Lippstadt<br \/>Telefon: 0 29 41 \u2013 27 26 3-0<br \/>E-Mail: kontakt@netzkultur.de<\/p>\n<p>Vertretungsberechtigter Vorstand: Ino Holling<br \/>Vorsitzender des Aufsichtsrats: Sven Mulholland<br \/>Handelsregister: HRB 10480, Handelsregister Paderborn<br \/>Umsatzsteuer-Identifikationsnummer gem\u00e4\u00df \u00a7 27a Umsatzsteuergesetz: DE280845990<\/p>\n<p><span style=\"font-weight: 600;\">Betriebshaftpflichtversicherung:<\/span><br \/>LVM Landwirtschaftlicher Versicherungsverein M\u00fcnster a.G.<br \/>Kolde-Ring 21<br \/>48126 M\u00fcnster<br \/>Versicherungsnummer: 66.783.658.1-AH63<br \/>Geltungsraum der Versicherung: Deutschland<\/p>\n<p><span style=\"font-weight: 600;\"> Inhaltlich Verantwortlicher gem\u00e4\u00df \u00a7 55 Abs. 2 RStV:<\/span><br \/>Herr Ino Holling<br \/>Hansastra\u00dfe 23<br \/>59557 Lippstadt<\/p>\n<p><span style=\"font-weight: 600;\"> Streitschlichtungsstelle:<\/span><br \/>Wir sind nicht bereit oder verpflichtet, an Streitbeilegungsverfahren vor einer Verbraucherschlichtungsstelle teilzunehmen. Link zur Streitschlichtungssstelle Online Dispute Resolution (European Commission)<\/p>\n<p><span style=\"text-decoration: underline;\"><span style=\"font-weight: 600;\"> Haftungsausschluss (Disclaimer) <\/span><\/span><\/p>\n<p><span style=\"font-weight: 600;\"> Haftung f\u00fcr Inhalte<\/span><br \/>Als Diensteanbieter sind wir gem\u00e4\u00df \u00a7 7 Abs.1 TMG f\u00fcr eigene Inhalte auf diesen Seiten nach den allgemeinen Gesetzen verantwortlich. Nach \u00a7\u00a7 8 bis 10 TMG sind wir als Diensteanbieter jedoch nicht verpflichtet, \u00fcbermittelte oder gespeicherte fremde Informationen zu \u00fcberwachen oder nach Umst\u00e4nden zu forschen, die auf eine rechtswidrige T\u00e4tigkeit hinweisen. Verpflichtungen zur Entfernung oder Sperrung der Nutzung von Informationen nach den allgemeinen Gesetzen bleiben hiervon unber\u00fchrt. Eine diesbez\u00fcgliche Haftung ist jedoch erst ab dem Zeitpunkt der Kenntnis einer konkreten Rechtsverletzung m\u00f6glich. Bei Bekanntwerden von entsprechenden Rechtsverletzungen werden wir diese Inhalte umgehend entfernen.<\/p>\n<p><span style=\"font-weight: 600;\"> Haftung f\u00fcr Links <\/span><br \/>Unser Angebot enth\u00e4lt Links zu externen Webseiten Dritter, auf deren Inhalte wir keinen Einfluss haben. Deshalb k\u00f6nnen wir f\u00fcr diese fremden Inhalte auch keine Gew\u00e4hr \u00fcbernehmen. F\u00fcr die Inhalte der verlinkten Seiten ist stets der jeweilige Anbieter oder Betreiber der Seiten verantwortlich. Die verlinkten Seiten wurden zum Zeitpunkt der Verlinkung auf m\u00f6gliche Rechtsverst\u00f6\u00dfe \u00fcberpr\u00fcft. Rechtswidrige Inhalte waren zum Zeitpunkt der Verlinkung nicht erkennbar. Eine permanente inhaltliche Kontrolle der verlinkten Seiten ist jedoch ohne konkrete Anhaltspunkte einer Rechtsverletzung nicht zumutbar. Bei Bekanntwerden von Rechtsverletzungen werden wir derartige Links umgehend entfernen.<\/p>\n<p><span style=\"font-weight: 600;\">Urheberrecht<\/span><br \/>Die durch die Seitenbetreiber erstellten Inhalte und Werke auf diesen Seiten unterliegen dem deutschen Urheberrecht. Die Vervielf\u00e4ltigung, Bearbeitung, Verbreitung und jede Art der Verwertung au\u00dferhalb der Grenzen des Urheberrechtes bed\u00fcrfen der schriftlichen Zustimmung des jeweiligen Autors bzw. Erstellers. Downloads und Kopien dieser Seite sind nur f\u00fcr den privaten, nicht kommerziellen Gebrauch gestattet. Soweit die Inhalte auf dieser Seite nicht vom Betreiber erstellt wurden, werden die Urheberrechte Dritter beachtet. Insbesondere werden Inhalte Dritter als solche gekennzeichnet. Sollten Sie trotzdem auf eine Urheberrechtsverletzung aufmerksam werden, bitten wir um einen entsprechenden Hinweis. Bei Bekanntwerden von Rechtsverletzungen werden wir derartige Inhalte umgehend entfernen.<\/p>\n<p><span style=\"font-weight: 600;\"> Ansprechpartner bei Fragen zum Datenschutz<\/span><br \/>Sollten Sie Fragen zum Datenschutz haben oder Ihre Rechte bez\u00fcglich der Datenverarbeitung aus\u00fcben wollen, wenden Sie sich bitte an unseren\u00a0Datenschutzbeauftragten<\/p>\n<p>pro Datenschutz GmbH<br \/>Technologiepark 11<br \/>33100 Paderborn<br \/>Tel.: 05251 414 935 0<br \/>Fax: 05251 414 935 1<br \/>E-Mail: <a href=\"mailto:datenschutz@netzkultur.de\">datenschutz@netzkultur.de<\/a><\/p>\n<p>&nbsp;<\/p>\n<p><span style=\"font-weight: 600;\"> Rechtshinweise<\/span><br \/>Alle aufgef\u00fchrten Texte, Bilder, Grafiken, alle Gestaltungselemente dieser Internet-Seiten unterliegen dem Copyright der Werbeagentur Wicker. Unerlaubte Verwendung, Reproduktion oder Weitergabe einzelner Inhalte oder ganzer Seiten ist ohne Zustimmung nicht zul\u00e4ssig.<\/p>\n<p>[\/et_pb_text][\/et_pb_column][\/et_pb_row][\/et_pb_section]<\/p>\n","protected":false},"excerpt":{"rendered":"<p>NETZkultur Informationssysteme GmbHHansastra\u00dfe 2359557 LippstadtTelefon: 0 29 41 \u2013 27 26 3-0E-Mail: kontakt@netzkultur.de Gesch\u00e4ftsf\u00fchrer: Ino HollingHandelsregister: HRB 6334, Handelsregister PaderbornUmsatzsteuer-Identifikationsnummer gem\u00e4\u00df \u00a7 27a: Umsatzsteuergesetz: DE233203591 &nbsp; NETZkultur AGHansastra\u00dfe 2359557 LippstadtTelefon: 0 29 41 \u2013 27 26 3-0E-Mail: kontakt@netzkultur.de Vertretungsberechtigter Vorstand: Ino HollingVorsitzender des Aufsichtsrats: Sven MulhollandHandelsregister: HRB 10480, Handelsregister PaderbornUmsatzsteuer-Identifikationsnummer gem\u00e4\u00df \u00a7 27a Umsatzsteuergesetz: DE280845990 [&hellip;]<\/p>\n","protected":false},"author":1,"featured_media":0,"parent":0,"menu_order":0,"comment_status":"closed","ping_status":"closed","template":"","meta":{"_et_pb_use_builder":"on","_et_pb_old_content":"","_et_gb_content_width":""},"_links":{"self":[{"href":"https:\/\/status.infra-struktur.de\/index.php?rest_route=\/wp\/v2\/pages\/53"}],"collection":[{"href":"https:\/\/status.infra-struktur.de\/index.php?rest_route=\/wp\/v2\/pages"}],"about":[{"href":"https:\/\/status.infra-struktur.de\/index.php?rest_route=\/wp\/v2\/types\/page"}],"author":[{"embeddable":true,"href":"https:\/\/status.infra-struktur.de\/index.php?rest_route=\/wp\/v2\/users\/1"}],"replies":[{"embeddable":true,"href":"https:\/\/status.infra-struktur.de\/index.php?rest_route=%2Fwp%2Fv2%2Fcomments&post=53"}],"version-history":[{"count":5,"href":"https:\/\/status.infra-struktur.de\/index.php?rest_route=\/wp\/v2\/pages\/53\/revisions"}],"predecessor-version":[{"id":544,"href":"https:\/\/status.infra-struktur.de\/index.php?rest_route=\/wp\/v2\/pages\/53\/revisions\/544"}],"wp:attachment":[{"href":"https:\/\/status.infra-struktur.de\/index.php?rest_route=%2Fwp%2Fv2%2Fmedia&parent=53"}],"curies":[{"name":"wp","href":"https:\/\/api.w.org\/{rel}","templated":true}]}}